{"id":55,"date":"2014-07-23T09:00:52","date_gmt":"2014-07-23T08:00:52","guid":{"rendered":"https:\/\/kfs-access-floor.com\/en\/?page_id=55"},"modified":"2024-09-30T10:57:12","modified_gmt":"2024-09-30T09:57:12","slug":"legal","status":"publish","type":"page","link":"https:\/\/kfs-access-floor.com\/en\/legal\/","title":{"rendered":"Legal"},"content":{"rendered":"<p><strong>Editeur du site<br \/>\n<\/strong> Joubert Lacour<br \/>\nBP5 63920 Peschadoires France<br \/>\nT\u00e9l: +33 (0)<strong>4 73 80 46 11<\/strong><\/p>\n<p><strong>H\u00e9bergement du site<br \/>\n<\/strong>Contact de la soci\u00e9t\u00e9 h\u00e9bergeant le site :<br \/>\nIONOS SARL \u2013 https:\/\/www.ionos.fr<br \/>\n7 PLACE DE LA GARE, 57200 SARREGUEMINES<\/p>\n<p><strong>Droits d\u2019auteurs, droits de production<\/strong><br \/>\nLe site de kfs-access-floor.com rel\u00e8ve de la l\u00e9gislation fran\u00e7aise et internationale sur le droit d\u2019auteur et la propri\u00e9t\u00e9 intellectuelle. Tous les droits de reproduction y sont r\u00e9serv\u00e9s, y compris les repr\u00e9sentations iconographiques et photographiques. La pr\u00e9sentation g\u00e9n\u00e9rale du site est originale et \u00e9galement prot\u00e9g\u00e9e. Vous n\u2019\u00eates donc pas autoris\u00e9 \u00e0 reproduire le code html des pages de ce serveur dans le but de diffusion publique. La reproduction de tout ou partie de ce site sur un support quel qu\u2019il soit, est formellement interdite sauf autorisation expresse du directeur de la publication.<\/p>\n","protected":false},"excerpt":{"rendered":"<p>Editeur du site Joubert Lacour BP5 63920 Peschadoires France T\u00e9l: +33 (0)4 73 80 46 11 H\u00e9bergement du site Contact de la soci\u00e9t\u00e9 h\u00e9bergeant le site : IONOS SARL \u2013 https:\/\/www.ionos.fr 7 PLACE DE LA GARE, 57200 SARREGUEMINES Droits d\u2019auteurs, droits de production Le site de kfs-access-floor.com rel\u00e8ve de la \u2026 <a class=\"continue-reading-link\" href=\"https:\/\/kfs-access-floor.com\/en\/legal\/\"> Continue reading<\/a><\/p>\n","protected":false},"author":1,"featured_media":0,"parent":0,"menu_order":0,"comment_status":"closed","ping_status":"closed","template":"","meta":[],"yoast_head":"<!-- This site is optimized with the Yoast SEO plugin v21.0 - https:\/\/yoast.com\/wordpress\/plugins\/seo\/ -->\n<title>Legal - technical access floor and access flooring<\/title>\n<meta name=\"robots\" content=\"index, follow, max-snippet:-1, max-image-preview:large, max-video-preview:-1\" \/>\n<link rel=\"canonical\" href=\"https:\/\/kfs-access-floor.com\/en\/legal\/\" \/>\n<meta property=\"og:locale\" content=\"en_US\" \/>\n<meta property=\"og:type\" content=\"article\" \/>\n<meta property=\"og:title\" content=\"Legal - technical access floor and access flooring\" \/>\n<meta property=\"og:description\" content=\"Editeur du site Joubert Lacour BP5 63920 Peschadoires France T\u00e9l: +33 (0)4 73 80 46 11 H\u00e9bergement du site Contact de la soci\u00e9t\u00e9 h\u00e9bergeant le site : IONOS SARL \u2013 https:\/\/www.ionos.fr 7 PLACE DE LA GARE, 57200 SARREGUEMINES Droits d\u2019auteurs, droits de production Le site de kfs-access-floor.com rel\u00e8ve de la \u2026 Continue reading\" \/>\n<meta property=\"og:url\" content=\"https:\/\/kfs-access-floor.com\/en\/legal\/\" \/>\n<meta property=\"og:site_name\" content=\"KFS anglais\" \/>\n<meta property=\"article:modified_time\" content=\"2024-09-30T09:57:12+00:00\" \/>\n<meta name=\"twitter:label1\" content=\"Est. reading time\" \/>\n\t<meta name=\"twitter:data1\" content=\"1 minute\" \/>\n<script type=\"application\/ld+json\" class=\"yoast-schema-graph\">{\"@context\":\"https:\/\/schema.org\",\"@graph\":[{\"@type\":\"WebPage\",\"@id\":\"https:\/\/kfs-access-floor.com\/en\/legal\/\",\"url\":\"https:\/\/kfs-access-floor.com\/en\/legal\/\",\"name\":\"Legal - technical access floor and access flooring\",\"isPartOf\":{\"@id\":\"https:\/\/kfs-access-floor.com\/en\/#website\"},\"datePublished\":\"2014-07-23T08:00:52+00:00\",\"dateModified\":\"2024-09-30T09:57:12+00:00\",\"breadcrumb\":{\"@id\":\"https:\/\/kfs-access-floor.com\/en\/legal\/#breadcrumb\"},\"inLanguage\":\"en-US\",\"potentialAction\":[{\"@type\":\"ReadAction\",\"target\":[\"https:\/\/kfs-access-floor.com\/en\/legal\/\"]}]},{\"@type\":\"BreadcrumbList\",\"@id\":\"https:\/\/kfs-access-floor.com\/en\/legal\/#breadcrumb\",\"itemListElement\":[{\"@type\":\"ListItem\",\"position\":1,\"name\":\"Home\",\"item\":\"https:\/\/kfs-access-floor.com\/en\/\"},{\"@type\":\"ListItem\",\"position\":2,\"name\":\"Legal\"}]},{\"@type\":\"WebSite\",\"@id\":\"https:\/\/kfs-access-floor.com\/en\/#website\",\"url\":\"https:\/\/kfs-access-floor.com\/en\/\",\"name\":\"KFS anglais\",\"description\":\"technical access floor, access flooring, raised floor\",\"potentialAction\":[{\"@type\":\"SearchAction\",\"target\":{\"@type\":\"EntryPoint\",\"urlTemplate\":\"https:\/\/kfs-access-floor.com\/en\/?s={search_term_string}\"},\"query-input\":\"required name=search_term_string\"}],\"inLanguage\":\"en-US\"}]}<\/script>\n<!-- \/ Yoast SEO plugin. -->","yoast_head_json":{"title":"Legal - technical access floor and access flooring","robots":{"index":"index","follow":"follow","max-snippet":"max-snippet:-1","max-image-preview":"max-image-preview:large","max-video-preview":"max-video-preview:-1"},"canonical":"https:\/\/kfs-access-floor.com\/en\/legal\/","og_locale":"en_US","og_type":"article","og_title":"Legal - technical access floor and access flooring","og_description":"Editeur du site Joubert Lacour BP5 63920 Peschadoires France T\u00e9l: +33 (0)4 73 80 46 11 H\u00e9bergement du site Contact de la soci\u00e9t\u00e9 h\u00e9bergeant le site : IONOS SARL \u2013 https:\/\/www.ionos.fr 7 PLACE DE LA GARE, 57200 SARREGUEMINES Droits d\u2019auteurs, droits de production Le site de kfs-access-floor.com rel\u00e8ve de la \u2026 Continue reading","og_url":"https:\/\/kfs-access-floor.com\/en\/legal\/","og_site_name":"KFS anglais","article_modified_time":"2024-09-30T09:57:12+00:00","twitter_misc":{"Est. reading time":"1 minute"},"schema":{"@context":"https:\/\/schema.org","@graph":[{"@type":"WebPage","@id":"https:\/\/kfs-access-floor.com\/en\/legal\/","url":"https:\/\/kfs-access-floor.com\/en\/legal\/","name":"Legal - technical access floor and access flooring","isPartOf":{"@id":"https:\/\/kfs-access-floor.com\/en\/#website"},"datePublished":"2014-07-23T08:00:52+00:00","dateModified":"2024-09-30T09:57:12+00:00","breadcrumb":{"@id":"https:\/\/kfs-access-floor.com\/en\/legal\/#breadcrumb"},"inLanguage":"en-US","potentialAction":[{"@type":"ReadAction","target":["https:\/\/kfs-access-floor.com\/en\/legal\/"]}]},{"@type":"BreadcrumbList","@id":"https:\/\/kfs-access-floor.com\/en\/legal\/#breadcrumb","itemListElement":[{"@type":"ListItem","position":1,"name":"Home","item":"https:\/\/kfs-access-floor.com\/en\/"},{"@type":"ListItem","position":2,"name":"Legal"}]},{"@type":"WebSite","@id":"https:\/\/kfs-access-floor.com\/en\/#website","url":"https:\/\/kfs-access-floor.com\/en\/","name":"KFS anglais","description":"technical access floor, access flooring, raised floor","potentialAction":[{"@type":"SearchAction","target":{"@type":"EntryPoint","urlTemplate":"https:\/\/kfs-access-floor.com\/en\/?s={search_term_string}"},"query-input":"required name=search_term_string"}],"inLanguage":"en-US"}]}},"_links":{"self":[{"href":"https:\/\/kfs-access-floor.com\/en\/wp-json\/wp\/v2\/pages\/55"}],"collection":[{"href":"https:\/\/kfs-access-floor.com\/en\/wp-json\/wp\/v2\/pages"}],"about":[{"href":"https:\/\/kfs-access-floor.com\/en\/wp-json\/wp\/v2\/types\/page"}],"author":[{"embeddable":true,"href":"https:\/\/kfs-access-floor.com\/en\/wp-json\/wp\/v2\/users\/1"}],"replies":[{"embeddable":true,"href":"https:\/\/kfs-access-floor.com\/en\/wp-json\/wp\/v2\/comments?post=55"}],"version-history":[{"count":4,"href":"https:\/\/kfs-access-floor.com\/en\/wp-json\/wp\/v2\/pages\/55\/revisions"}],"predecessor-version":[{"id":155,"href":"https:\/\/kfs-access-floor.com\/en\/wp-json\/wp\/v2\/pages\/55\/revisions\/155"}],"wp:attachment":[{"href":"https:\/\/kfs-access-floor.com\/en\/wp-json\/wp\/v2\/media?parent=55"}],"curies":[{"name":"wp","href":"https:\/\/api.w.org\/{rel}","templated":true}]}}