{"id":57,"date":"2014-07-23T09:02:42","date_gmt":"2014-07-23T08:02:42","guid":{"rendered":"https:\/\/kfs-access-floor.com\/en\/?page_id=57"},"modified":"2022-10-26T10:34:01","modified_gmt":"2022-10-26T09:34:01","slug":"applications","status":"publish","type":"page","link":"https:\/\/kfs-access-floor.com\/en\/applications\/","title":{"rendered":"Applications"},"content":{"rendered":"<p>Specialised in the steel structures for heavy loads ( printing works, aeronautical worshops, \u2026.)<strong>Joubert Lacour<\/strong> has developed a <strong>specific range<\/strong> for <strong>DATA processing centers<\/strong>.<\/p>\n<h2 style=\"font-size: 40px;\">They trust Joubert Lacour<\/h2>\n<p>Adecco, ADP, Area, A\u00a0\u00a0 \u00a0rm\u00e9e de l\u2019air, Atijariwafa Bank, Caisse des D\u00e9p\u00f4ts, BNP-CTI, CIO, Cegetel, CHU Angers, CNRS, Commission Europ\u00e9enne, Cr\u00e9dit Agricole, EDF, Etix, Europe 1, GAN, Groupe Mornay, IBM, Michelin, ILYAD FREE, Institut Fran\u00e7ais du P\u00e9trole , Jaguar Network, Journal La Montagne, Peugeot, T\u00e9l\u00e9cityGroup, RATP, SFR, ST Micro Electronique, Thales, \u2026<\/p>\n","protected":false},"excerpt":{"rendered":"<p>Specialised in the steel structures for heavy loads ( printing works, aeronautical worshops, \u2026.)Joubert Lacour has developed a specific range for DATA processing centers. They trust Joubert Lacour Adecco, ADP, Area, A\u00a0\u00a0 \u00a0rm\u00e9e de l\u2019air, Atijariwafa Bank, Caisse des D\u00e9p\u00f4ts, BNP-CTI, CIO, Cegetel, CHU Angers, CNRS, Commission Europ\u00e9enne, Cr\u00e9dit Agricole, \u2026 <a class=\"continue-reading-link\" href=\"https:\/\/kfs-access-floor.com\/en\/applications\/\"> Continue reading<\/a><\/p>\n","protected":false},"author":1,"featured_media":60,"parent":0,"menu_order":2,"comment_status":"closed","ping_status":"closed","template":"","meta":[],"yoast_head":"<!-- This site is optimized with the Yoast SEO plugin v21.0 - https:\/\/yoast.com\/wordpress\/plugins\/seo\/ -->\n<title>Applications - technical access floor and access flooring<\/title>\n<meta name=\"robots\" content=\"index, follow, max-snippet:-1, max-image-preview:large, max-video-preview:-1\" \/>\n<link rel=\"canonical\" href=\"https:\/\/kfs-access-floor.com\/en\/applications\/\" \/>\n<meta property=\"og:locale\" content=\"en_US\" \/>\n<meta property=\"og:type\" content=\"article\" \/>\n<meta property=\"og:title\" content=\"Applications - technical access floor and access flooring\" \/>\n<meta property=\"og:description\" content=\"Specialised in the steel structures for heavy loads ( printing works, aeronautical worshops, \u2026.)Joubert Lacour has developed a specific range for DATA processing centers. They trust Joubert Lacour Adecco, ADP, Area, A\u00a0\u00a0 \u00a0rm\u00e9e de l\u2019air, Atijariwafa Bank, Caisse des D\u00e9p\u00f4ts, BNP-CTI, CIO, Cegetel, CHU Angers, CNRS, Commission Europ\u00e9enne, Cr\u00e9dit Agricole, \u2026 Continue reading\" \/>\n<meta property=\"og:url\" content=\"https:\/\/kfs-access-floor.com\/en\/applications\/\" \/>\n<meta property=\"og:site_name\" content=\"KFS anglais\" \/>\n<meta property=\"article:modified_time\" content=\"2022-10-26T09:34:01+00:00\" \/>\n<meta property=\"og:image\" content=\"https:\/\/kfs-access-floor.com\/en\/wp-content\/uploads\/sites\/2\/2014\/07\/bandeauapplication.jpg\" \/>\n\t<meta property=\"og:image:width\" content=\"900\" \/>\n\t<meta property=\"og:image:height\" content=\"275\" \/>\n\t<meta property=\"og:image:type\" content=\"image\/jpeg\" \/>\n<script type=\"application\/ld+json\" class=\"yoast-schema-graph\">{\"@context\":\"https:\/\/schema.org\",\"@graph\":[{\"@type\":\"WebPage\",\"@id\":\"https:\/\/kfs-access-floor.com\/en\/applications\/\",\"url\":\"https:\/\/kfs-access-floor.com\/en\/applications\/\",\"name\":\"Applications - technical access floor and access flooring\",\"isPartOf\":{\"@id\":\"https:\/\/kfs-access-floor.com\/en\/#website\"},\"datePublished\":\"2014-07-23T08:02:42+00:00\",\"dateModified\":\"2022-10-26T09:34:01+00:00\",\"breadcrumb\":{\"@id\":\"https:\/\/kfs-access-floor.com\/en\/applications\/#breadcrumb\"},\"inLanguage\":\"en-US\",\"potentialAction\":[{\"@type\":\"ReadAction\",\"target\":[\"https:\/\/kfs-access-floor.com\/en\/applications\/\"]}]},{\"@type\":\"BreadcrumbList\",\"@id\":\"https:\/\/kfs-access-floor.com\/en\/applications\/#breadcrumb\",\"itemListElement\":[{\"@type\":\"ListItem\",\"position\":1,\"name\":\"Home\",\"item\":\"https:\/\/kfs-access-floor.com\/en\/\"},{\"@type\":\"ListItem\",\"position\":2,\"name\":\"Applications\"}]},{\"@type\":\"WebSite\",\"@id\":\"https:\/\/kfs-access-floor.com\/en\/#website\",\"url\":\"https:\/\/kfs-access-floor.com\/en\/\",\"name\":\"KFS anglais\",\"description\":\"technical access floor, access flooring, raised floor\",\"potentialAction\":[{\"@type\":\"SearchAction\",\"target\":{\"@type\":\"EntryPoint\",\"urlTemplate\":\"https:\/\/kfs-access-floor.com\/en\/?s={search_term_string}\"},\"query-input\":\"required name=search_term_string\"}],\"inLanguage\":\"en-US\"}]}<\/script>\n<!-- \/ Yoast SEO plugin. -->","yoast_head_json":{"title":"Applications - technical access floor and access flooring","robots":{"index":"index","follow":"follow","max-snippet":"max-snippet:-1","max-image-preview":"max-image-preview:large","max-video-preview":"max-video-preview:-1"},"canonical":"https:\/\/kfs-access-floor.com\/en\/applications\/","og_locale":"en_US","og_type":"article","og_title":"Applications - technical access floor and access flooring","og_description":"Specialised in the steel structures for heavy loads ( printing works, aeronautical worshops, \u2026.)Joubert Lacour has developed a specific range for DATA processing centers. They trust Joubert Lacour Adecco, ADP, Area, A\u00a0\u00a0 \u00a0rm\u00e9e de l\u2019air, Atijariwafa Bank, Caisse des D\u00e9p\u00f4ts, BNP-CTI, CIO, Cegetel, CHU Angers, CNRS, Commission Europ\u00e9enne, Cr\u00e9dit Agricole, \u2026 Continue reading","og_url":"https:\/\/kfs-access-floor.com\/en\/applications\/","og_site_name":"KFS anglais","article_modified_time":"2022-10-26T09:34:01+00:00","og_image":[{"width":900,"height":275,"url":"https:\/\/kfs-access-floor.com\/en\/wp-content\/uploads\/sites\/2\/2014\/07\/bandeauapplication.jpg","type":"image\/jpeg"}],"schema":{"@context":"https:\/\/schema.org","@graph":[{"@type":"WebPage","@id":"https:\/\/kfs-access-floor.com\/en\/applications\/","url":"https:\/\/kfs-access-floor.com\/en\/applications\/","name":"Applications - technical access floor and access flooring","isPartOf":{"@id":"https:\/\/kfs-access-floor.com\/en\/#website"},"datePublished":"2014-07-23T08:02:42+00:00","dateModified":"2022-10-26T09:34:01+00:00","breadcrumb":{"@id":"https:\/\/kfs-access-floor.com\/en\/applications\/#breadcrumb"},"inLanguage":"en-US","potentialAction":[{"@type":"ReadAction","target":["https:\/\/kfs-access-floor.com\/en\/applications\/"]}]},{"@type":"BreadcrumbList","@id":"https:\/\/kfs-access-floor.com\/en\/applications\/#breadcrumb","itemListElement":[{"@type":"ListItem","position":1,"name":"Home","item":"https:\/\/kfs-access-floor.com\/en\/"},{"@type":"ListItem","position":2,"name":"Applications"}]},{"@type":"WebSite","@id":"https:\/\/kfs-access-floor.com\/en\/#website","url":"https:\/\/kfs-access-floor.com\/en\/","name":"KFS anglais","description":"technical access floor, access flooring, raised floor","potentialAction":[{"@type":"SearchAction","target":{"@type":"EntryPoint","urlTemplate":"https:\/\/kfs-access-floor.com\/en\/?s={search_term_string}"},"query-input":"required name=search_term_string"}],"inLanguage":"en-US"}]}},"_links":{"self":[{"href":"https:\/\/kfs-access-floor.com\/en\/wp-json\/wp\/v2\/pages\/57"}],"collection":[{"href":"https:\/\/kfs-access-floor.com\/en\/wp-json\/wp\/v2\/pages"}],"about":[{"href":"https:\/\/kfs-access-floor.com\/en\/wp-json\/wp\/v2\/types\/page"}],"author":[{"embeddable":true,"href":"https:\/\/kfs-access-floor.com\/en\/wp-json\/wp\/v2\/users\/1"}],"replies":[{"embeddable":true,"href":"https:\/\/kfs-access-floor.com\/en\/wp-json\/wp\/v2\/comments?post=57"}],"version-history":[{"count":3,"href":"https:\/\/kfs-access-floor.com\/en\/wp-json\/wp\/v2\/pages\/57\/revisions"}],"predecessor-version":[{"id":135,"href":"https:\/\/kfs-access-floor.com\/en\/wp-json\/wp\/v2\/pages\/57\/revisions\/135"}],"wp:featuredmedia":[{"embeddable":true,"href":"https:\/\/kfs-access-floor.com\/en\/wp-json\/wp\/v2\/media\/60"}],"wp:attachment":[{"href":"https:\/\/kfs-access-floor.com\/en\/wp-json\/wp\/v2\/media?parent=57"}],"curies":[{"name":"wp","href":"https:\/\/api.w.org\/{rel}","templated":true}]}}